{"id":1046,"date":"2016-03-31T13:59:10","date_gmt":"2016-03-31T10:59:10","guid":{"rendered":"http:\/\/www.arkomenerji.com\/how-we-do\/"},"modified":"2022-04-22T18:13:06","modified_gmt":"2022-04-22T15:13:06","slug":"how-we-do","status":"publish","type":"page","link":"https:\/\/www.arkomenerji.com\/en\/how-we-do\/","title":{"rendered":"How We Do"},"content":{"rendered":"\n<span class=\"scroll-to\" data-label=\"Scroll to: #welcome\" data-bullet=\"true\" data-link=\"#welcome\" data-title=\"Nas\u0131l Yap\u0131yoruz\"><a name=\"welcome\"><\/a><\/span>\n\n\n  <div class=\"banner has-hover is-full-height has-parallax\" id=\"banner-717519958\">\n          <div class=\"banner-inner fill\">\n        <div class=\"banner-bg fill\" data-parallax=\"-2\" data-parallax-container=\".banner\" data-parallax-background>\n            <img loading=\"lazy\" decoding=\"async\" width=\"1833\" height=\"764\" src=\"https:\/\/www.arkomenerji.com\/wp-content\/uploads\/2022\/03\/nasil-yapiyoruz.jpg\" class=\"bg attachment-original size-original\" alt=\"\" \/>                        <div class=\"overlay\"><\/div>            \n                    <\/div>\n\t\t\n        <div class=\"banner-layers container\">\n            <div class=\"fill banner-link\"><\/div>            \n\n   <div id=\"text-box-913843489\" class=\"text-box banner-layer x50 md-x50 lg-x50 y20 md-y20 lg-y20 res-text\">\n                                <div class=\"text-box-content text dark\">\n              \n              <div class=\"text-inner text-center\">\n                  \n\n<h1 class=\"lead\"><b>How We Do<\/b><\/h1>\n<p class=\"lead\"><strong>We love what we do<\/strong> We know that energy is everywhere in our life. We offer more effective product and system solutions with our leading brands in the field of Quality and Improvement of Energy.<\/p>\n<div class=\"is-divider divider clearfix\" ><\/div>\n\n\n              <\/div>\n           <\/div>\n                            \n<style>\n#text-box-913843489 {\n  width: 60%;\n}\n#text-box-913843489 .text-box-content {\n  font-size: 100%;\n}\n@media (min-width:550px) {\n  #text-box-913843489 {\n    width: 63%;\n  }\n}\n<\/style>\n    <\/div>\n \n\n        <\/div>\n      <\/div>\n\n            \n<style>\n#banner-717519958 {\n  padding-top: 100%;\n}\n#banner-717519958 .overlay {\n  background-color: rgba(0, 0, 0, 0.26);\n}\n<\/style>\n  <\/div>\n\n\n<span class=\"scroll-to\" data-label=\"Scroll to: #another_banner\" data-bullet=\"true\" data-link=\"#another_banner\" data-title=\"Projelendirme\"><a name=\"another_banner\"><\/a><\/span>\n\n\n  <div class=\"banner has-hover has-parallax\" id=\"banner-1397740256\">\n          <div class=\"banner-inner fill\">\n        <div class=\"banner-bg fill\" data-parallax=\"-2\" data-parallax-container=\".banner\" data-parallax-background>\n            <img loading=\"lazy\" decoding=\"async\" width=\"1833\" height=\"764\" src=\"https:\/\/www.arkomenerji.com\/wp-content\/uploads\/2022\/03\/projelendirme.jpg\" class=\"bg attachment-original size-original\" alt=\"\" \/>                        <div class=\"overlay\"><\/div>            \n                    <\/div>\n\t\t\n        <div class=\"banner-layers container\">\n            <div class=\"fill banner-link\"><\/div>            \n\n   <div id=\"text-box-1890247393\" class=\"text-box banner-layer x95 md-x100 lg-x100 y25 md-y100 lg-y50 res-text\">\n                     <div data-animate=\"fadeInRight\">           <div class=\"text-box-content text dark\">\n              \n              <div class=\"text-inner text-left\">\n                  \n\n\t<div id=\"text-2551670721\" class=\"text\">\n\t\t\n\n<h3><strong>Project Design Support, Engineering Service<\/strong><\/h3>\n<p class=\"lead\" style=\"text-align: left;\">With our engineering team, we are at your service with the determination of priorities for the needs of your project, selection of the right product and system, and completely solution-oriented. International standards, technical specifications and knowledge guide us while doing these.<\/p>\n\t\t\n<style>\n#text-2551670721 {\n  font-size: 0.75rem;\n  line-height: 1.2;\n}\n@media (min-width:550px) {\n  #text-2551670721 {\n    font-size: 0.95rem;\n    line-height: 1.35;\n  }\n}\n<\/style>\n\t<\/div>\n\t\n\n              <\/div>\n           <\/div>\n       <\/div>                     \n<style>\n#text-box-1890247393 {\n  width: 80%;\n}\n#text-box-1890247393 .text-box-content {\n  font-size: 100%;\n}\n@media (min-width:550px) {\n  #text-box-1890247393 {\n    width: 42%;\n  }\n}\n<\/style>\n    <\/div>\n \n\n        <\/div>\n      <\/div>\n\n            \n<style>\n#banner-1397740256 {\n  padding-top: 100%;\n}\n#banner-1397740256 .overlay {\n  background-color: rgba(0, 0, 0, 0.26);\n}\n@media (min-width:550px) {\n  #banner-1397740256 {\n    padding-top: 40%;\n  }\n}\n<\/style>\n  <\/div>\n\n\n<span class=\"scroll-to\" data-label=\"Scroll to: #another_banner_2\" data-bullet=\"true\" data-link=\"#another_banner_2\" data-title=\"\u00dcr\u00fcn Tedari\u011fi\"><a name=\"another_banner_2\"><\/a><\/span>\n\n\n  <div class=\"banner has-hover\" id=\"banner-383791583\">\n          <div class=\"banner-inner fill\">\n        <div class=\"banner-bg fill\" >\n            <img loading=\"lazy\" decoding=\"async\" width=\"1833\" height=\"764\" src=\"https:\/\/www.arkomenerji.com\/wp-content\/uploads\/2022\/03\/assad1.jpg\" class=\"bg attachment-original size-original\" alt=\"\" \/>                        <div class=\"overlay\"><\/div>            \n                    <\/div>\n\t\t\n        <div class=\"banner-layers container\">\n            <div class=\"fill banner-link\"><\/div>            \n\n   <div id=\"text-box-772047400\" class=\"text-box banner-layer x95 md-x95 lg-x100 y50 md-y50 lg-y50 res-text\">\n              <div data-parallax=\"3\" data-parallax-fade=\"true\">       <div data-animate=\"fadeInUp\">           <div class=\"text-box-content text dark\">\n              \n              <div class=\"text-inner text-center\">\n                  \n\n\t<div id=\"text-2574939909\" class=\"text\">\n\t\t\n\n<h3><strong>Product Selection, Supply, Industry-Specific Solutions<\/strong><\/h3>\n<p>We are with you from the project stage to the stage of sending the products to the field with the factory acceptance, for the selection of materials suitable for your project, the compatibility of the products with each other, communication capabilities, package solutions specific to your application and special needs.<\/p>\n\t\t\n<style>\n#text-2574939909 {\n  font-size: 0.95rem;\n  line-height: 1.35;\n  text-align: left;\n}\n<\/style>\n\t<\/div>\n\t\n\n              <\/div>\n           <\/div>\n       <\/div>       <\/div>              \n<style>\n#text-box-772047400 {\n  width: 60%;\n}\n#text-box-772047400 .text-box-content {\n  font-size: 100%;\n}\n@media (min-width:550px) {\n  #text-box-772047400 {\n    width: 45%;\n  }\n}\n<\/style>\n    <\/div>\n \n\n        <\/div>\n      <\/div>\n\n            \n<style>\n#banner-383791583 {\n  padding-top: 100%;\n}\n#banner-383791583 .overlay {\n  background-color: rgba(0, 0, 0, 0.1);\n}\n@media (min-width:550px) {\n  #banner-383791583 {\n    padding-top: 40%;\n  }\n}\n<\/style>\n  <\/div>\n\n\n<span class=\"scroll-to\" data-label=\"Scroll to: #newsletter\" data-bullet=\"true\" data-link=\"#newsletter\" data-title=\"Devreye Alma\"><a name=\"newsletter\"><\/a><\/span>\n\n\n  <div class=\"banner has-hover has-parallax\" id=\"banner-662668057\">\n          <div class=\"banner-inner fill\">\n        <div class=\"banner-bg fill\" data-parallax=\"-4\" data-parallax-container=\".banner\" data-parallax-background>\n            <img loading=\"lazy\" decoding=\"async\" width=\"1833\" height=\"764\" src=\"https:\/\/www.arkomenerji.com\/wp-content\/uploads\/2022\/03\/asd123f.jpg\" class=\"bg attachment-original size-original\" alt=\"\" \/>                        <div class=\"overlay\"><\/div>            \n                    <\/div>\n\t\t\n        <div class=\"banner-layers container\">\n            <div class=\"fill banner-link\"><\/div>            \n\n   <div id=\"text-box-1885941919\" class=\"text-box banner-layer x50 md-x100 lg-x100 y85 md-y50 lg-y70 res-text\">\n              <div data-parallax=\"2\" data-parallax-fade=\"true\">                  <div class=\"text-box-content text dark\">\n              \n              <div class=\"text-inner text-center\">\n                  \n\n\t<div id=\"text-1355821082\" class=\"text\">\n\t\t\n\n<h3><strong>Commissioning, Supervision<\/strong><\/h3>\n<p>With our field commissioning and field supervision services in case of need, we do not leave you alone in the stages of healthy operation of all products and elimination of possible material manufacturing errors.<\/p>\n\t\t\n<style>\n#text-1355821082 {\n  font-size: 0.95rem;\n  line-height: 1.35;\n  text-align: center;\n}\n@media (min-width:550px) {\n  #text-1355821082 {\n    text-align: right;\n  }\n}\n@media (min-width:850px) {\n  #text-1355821082 {\n    text-align: right;\n  }\n}\n<\/style>\n\t<\/div>\n\t\n\n              <\/div>\n           <\/div>\n              <\/div>              \n<style>\n#text-box-1885941919 {\n  width: 100%;\n}\n#text-box-1885941919 .text-box-content {\n  font-size: 101%;\n}\n@media (min-width:550px) {\n  #text-box-1885941919 {\n    width: 46%;\n  }\n  #text-box-1885941919 .text-box-content {\n    font-size: 120%;\n  }\n}\n<\/style>\n    <\/div>\n \n\n        <\/div>\n      <\/div>\n\n            \n<style>\n#banner-662668057 {\n  padding-top: 100%;\n}\n#banner-662668057 .overlay {\n  background-color: rgba(0, 0, 0, 0.27);\n}\n@media (min-width:550px) {\n  #banner-662668057 {\n    padding-top: 40%;\n  }\n}\n<\/style>\n  <\/div>\n\n\n\n","protected":false},"excerpt":{"rendered":"","protected":false},"author":1,"featured_media":850,"parent":0,"menu_order":17,"comment_status":"closed","ping_status":"closed","template":"page-transparent-header-light.php","meta":{"footnotes":""},"class_list":["post-1046","page","type-page","status-publish","has-post-thumbnail","hentry"],"_links":{"self":[{"href":"https:\/\/www.arkomenerji.com\/en\/wp-json\/wp\/v2\/pages\/1046"}],"collection":[{"href":"https:\/\/www.arkomenerji.com\/en\/wp-json\/wp\/v2\/pages"}],"about":[{"href":"https:\/\/www.arkomenerji.com\/en\/wp-json\/wp\/v2\/types\/page"}],"author":[{"embeddable":true,"href":"https:\/\/www.arkomenerji.com\/en\/wp-json\/wp\/v2\/users\/1"}],"replies":[{"embeddable":true,"href":"https:\/\/www.arkomenerji.com\/en\/wp-json\/wp\/v2\/comments?post=1046"}],"version-history":[{"count":0,"href":"https:\/\/www.arkomenerji.com\/en\/wp-json\/wp\/v2\/pages\/1046\/revisions"}],"wp:featuredmedia":[{"embeddable":true,"href":"https:\/\/www.arkomenerji.com\/en\/wp-json\/wp\/v2\/media\/850"}],"wp:attachment":[{"href":"https:\/\/www.arkomenerji.com\/en\/wp-json\/wp\/v2\/media?parent=1046"}],"curies":[{"name":"wp","href":"https:\/\/api.w.org\/{rel}","templated":true}]}}